{"id":2419,"date":"2024-01-25T14:46:03","date_gmt":"2024-01-25T13:46:03","guid":{"rendered":"http:\/\/dreamcondospattaya.com\/?page_id=2419"},"modified":"2024-01-28T19:11:45","modified_gmt":"2024-01-28T18:11:45","slug":"condos-for-sale","status":"publish","type":"page","link":"https:\/\/dreamcondospattaya.com\/en\/condos-for-sale\/","title":{"rendered":"Condos for sale"},"content":{"rendered":"<div data-elementor-type=\"wp-page\" data-elementor-id=\"2419\" class=\"elementor elementor-2419\">\n\t\t\t\t\t\t<section class=\"elementor-section elementor-top-section elementor-element elementor-element-6bdf398b elementor-section-height-min-height elementor-section-boxed elementor-section-height-default elementor-section-items-middle\" data-id=\"6bdf398b\" data-element_type=\"section\" data-settings=\"{&quot;background_background&quot;:&quot;classic&quot;}\">\n\t\t\t\t\t\t<div class=\"elementor-container elementor-column-gap-default\">\n\t\t\t\t\t<div class=\"elementor-column elementor-col-100 elementor-top-column elementor-element elementor-element-7e256f3a\" data-id=\"7e256f3a\" data-element_type=\"column\">\n\t\t\t<div class=\"elementor-widget-wrap elementor-element-populated\">\n\t\t\t\t\t\t<div class=\"elementor-element elementor-element-3ae58cb2 elementor-widget elementor-widget-heading\" data-id=\"3ae58cb2\" data-element_type=\"widget\" data-widget_type=\"heading.default\">\n\t\t\t\t<div class=\"elementor-widget-container\">\n\t\t\t<style>\/*! elementor - v3.21.0 - 30-04-2024 *\/\n.elementor-heading-title{padding:0;margin:0;line-height:1}.elementor-widget-heading .elementor-heading-title[class*=elementor-size-]>a{color:inherit;font-size:inherit;line-height:inherit}.elementor-widget-heading .elementor-heading-title.elementor-size-small{font-size:15px}.elementor-widget-heading .elementor-heading-title.elementor-size-medium{font-size:19px}.elementor-widget-heading .elementor-heading-title.elementor-size-large{font-size:29px}.elementor-widget-heading .elementor-heading-title.elementor-size-xl{font-size:39px}.elementor-widget-heading .elementor-heading-title.elementor-size-xxl{font-size:59px}<\/style><h1 class=\"elementor-heading-title elementor-size-default\">Condos for sale<\/h1>\t\t<\/div>\n\t\t\t\t<\/div>\n\t\t\t\t\t<\/div>\n\t\t<\/div>\n\t\t\t\t\t<\/div>\n\t\t<\/section>\n\t\t\t\t<section class=\"elementor-section elementor-top-section elementor-element elementor-element-4d6b92bc elementor-reverse-mobile elementor-section-content-middle elementor-section-boxed elementor-section-height-default elementor-section-height-default\" data-id=\"4d6b92bc\" data-element_type=\"section\">\n\t\t\t\t\t\t<div class=\"elementor-container elementor-column-gap-default\">\n\t\t\t\t\t<div class=\"elementor-column elementor-col-50 elementor-top-column elementor-element elementor-element-3ad469cd\" data-id=\"3ad469cd\" data-element_type=\"column\">\n\t\t\t<div class=\"elementor-widget-wrap elementor-element-populated\">\n\t\t\t\t\t\t<div class=\"elementor-element elementor-element-27574b67 elementor-widget elementor-widget-heading\" data-id=\"27574b67\" data-element_type=\"widget\" data-widget_type=\"heading.default\">\n\t\t\t\t<div class=\"elementor-widget-container\">\n\t\t\t<h3 class=\"elementor-heading-title elementor-size-default\"><a href=\"https:\/\/dreamcondospattaya.com\/en\/view-talay-6-16th-floor-140-sqm-vt6-walking-street-site\/\">1. View Talay 6 - 16th Floor, 140 sqm, VT6, Walking Street Site<\/a><\/h3>\t\t<\/div>\n\t\t\t\t<\/div>\n\t\t\t\t<div class=\"elementor-element elementor-element-2e4a15d3 elementor-widget elementor-widget-text-editor\" data-id=\"2e4a15d3\" data-element_type=\"widget\" data-widget_type=\"text-editor.default\">\n\t\t\t\t<div class=\"elementor-widget-container\">\n\t\t\t<style>\/*! elementor - v3.21.0 - 30-04-2024 *\/\n.elementor-widget-text-editor.elementor-drop-cap-view-stacked .elementor-drop-cap{background-color:#69727d;color:#fff}.elementor-widget-text-editor.elementor-drop-cap-view-framed .elementor-drop-cap{color:#69727d;border:3px solid;background-color:transparent}.elementor-widget-text-editor:not(.elementor-drop-cap-view-default) .elementor-drop-cap{margin-top:8px}.elementor-widget-text-editor:not(.elementor-drop-cap-view-default) .elementor-drop-cap-letter{width:1em;height:1em}.elementor-widget-text-editor .elementor-drop-cap{float:left;text-align:center;line-height:1;font-size:50px}.elementor-widget-text-editor .elementor-drop-cap-letter{display:inline-block}<\/style>\t\t\t\t<p>140 sqm, 2 Bedroom and a huge Living Room (91 sqm) combined with a beautiful european Kitchen.<\/p><p><br \/>The Apartment is equipped nicely and offers you a great Seaview and Cityview with the two Balconies.<br \/>The Masterbedroom (49sqm) has a Walk in Closet and a private Bathroom. The 2nd Bedroom is using the one in the Livivng Room.<\/p>\t\t\t\t\t\t<\/div>\n\t\t\t\t<\/div>\n\t\t\t\t<div class=\"elementor-element elementor-element-64eeb612 elementor-widget elementor-widget-button\" data-id=\"64eeb612\" data-element_type=\"widget\" data-widget_type=\"button.default\">\n\t\t\t\t<div class=\"elementor-widget-container\">\n\t\t\t\t\t<div class=\"elementor-button-wrapper\">\n\t\t\t<a class=\"elementor-button elementor-button-link elementor-size-sm\" href=\"https:\/\/dreamcondospattaya.com\/en\/view-talay-6-16th-floor-140-sqm-vt6-walking-street-site\/\">\n\t\t\t\t\t\t<span class=\"elementor-button-content-wrapper\">\n\t\t\t\t\t\t\t\t\t<span class=\"elementor-button-text\">Show<\/span>\n\t\t\t\t\t<\/span>\n\t\t\t\t\t<\/a>\n\t\t<\/div>\n\t\t\t\t<\/div>\n\t\t\t\t<\/div>\n\t\t\t\t<div class=\"elementor-element elementor-element-a8109f6 elementor-hidden-desktop elementor-hidden-tablet elementor-widget elementor-widget-image\" data-id=\"a8109f6\" data-element_type=\"widget\" data-widget_type=\"image.default\">\n\t\t\t\t<div class=\"elementor-widget-container\">\n\t\t\t<style>\/*! elementor - v3.21.0 - 30-04-2024 *\/\n.elementor-widget-image{text-align:center}.elementor-widget-image a{display:inline-block}.elementor-widget-image a img[src$=\".svg\"]{width:48px}.elementor-widget-image img{vertical-align:middle;display:inline-block}<\/style>\t\t\t\t\t\t\t\t\t\t\t<a href=\"https:\/\/dreamcondospattaya.com\/en\/view-talay-6-16th-floor-140-sqm-vt6-walking-street-site\/\">\n\t\t\t\t\t\t\t<img decoding=\"async\" src=\"https:\/\/dreamcondospattaya.com\/wp-content\/uploads\/condos\/view-talay-6\/16th-floor-140sqm-vt6-walking-street-site\/7R8A7088.jpg\" title=\"7R8A7088\" alt=\"7R8A7088\" loading=\"lazy\" \/>\t\t\t\t\t\t\t\t<\/a>\n\t\t\t\t\t\t\t\t\t\t\t\t\t<\/div>\n\t\t\t\t<\/div>\n\t\t\t\t\t<\/div>\n\t\t<\/div>\n\t\t\t\t<div class=\"elementor-column elementor-col-50 elementor-top-column elementor-element elementor-element-47c42a71\" data-id=\"47c42a71\" data-element_type=\"column\">\n\t\t\t<div class=\"elementor-widget-wrap elementor-element-populated\">\n\t\t\t\t\t\t<div class=\"elementor-element elementor-element-36ad3d33 elementor-hidden-mobile elementor-widget elementor-widget-image\" data-id=\"36ad3d33\" data-element_type=\"widget\" data-widget_type=\"image.default\">\n\t\t\t\t<div class=\"elementor-widget-container\">\n\t\t\t\t\t\t\t\t\t\t\t\t\t\t<a href=\"https:\/\/dreamcondospattaya.com\/en\/view-talay-6-16th-floor-140-sqm-vt6-walking-street-site\/\">\n\t\t\t\t\t\t\t<img decoding=\"async\" src=\"https:\/\/dreamcondospattaya.com\/wp-content\/uploads\/condos\/view-talay-6\/16th-floor-140sqm-vt6-walking-street-site\/7R8A7088.jpg\" title=\"7R8A7088\" alt=\"7R8A7088\" loading=\"lazy\" \/>\t\t\t\t\t\t\t\t<\/a>\n\t\t\t\t\t\t\t\t\t\t\t\t\t<\/div>\n\t\t\t\t<\/div>\n\t\t\t\t\t<\/div>\n\t\t<\/div>\n\t\t\t\t\t<\/div>\n\t\t<\/section>\n\t\t\t\t<\/div>","protected":false},"excerpt":{"rendered":"<p>Verkaufscondos 1. View Talay 6 &#8211; 16th Floor, 140 sqm, VT6, Walking Street Site 140 sqm, 2 Schlafzimmer und ein gro\u00dfes Wohnzimmer mit kombinierter europ\u00e4ischer K\u00fcche. Die Wohnung bietet eine tolle Ausstattung mit grandiosem Design. Zwei Balkone erm\u00f6glichen Ihnen den Ausblick \u00fcber die Bucht von Pattaya.Ein Badezimmer und ein begehbarer Kleiderschrank runden die Ausstattung ab. [&hellip;]<\/p>","protected":false},"author":1,"featured_media":0,"parent":0,"menu_order":0,"comment_status":"closed","ping_status":"closed","template":"","meta":{"site-sidebar-layout":"no-sidebar","site-content-layout":"page-builder","ast-site-content-layout":"full-width-container","site-content-style":"unboxed","site-sidebar-style":"unboxed","ast-global-header-display":"","ast-banner-title-visibility":"","ast-main-header-display":"","ast-hfb-above-header-display":"","ast-hfb-below-header-display":"","ast-hfb-mobile-header-display":"","site-post-title":"disabled","ast-breadcrumbs-content":"","ast-featured-img":"disabled","footer-sml-layout":"","theme-transparent-header-meta":"enabled","adv-header-id-meta":"","stick-header-meta":"","header-above-stick-meta":"","header-main-stick-meta":"","header-below-stick-meta":"","astra-migrate-meta-layouts":"set","ast-page-background-enabled":"default","ast-page-background-meta":{"desktop":{"background-color":"var(--ast-global-color-4)","background-image":"","background-repeat":"repeat","background-position":"center center","background-size":"auto","background-attachment":"scroll","background-type":"","background-media":"","overlay-type":"","overlay-color":"","overlay-gradient":""},"tablet":{"background-color":"","background-image":"","background-repeat":"repeat","background-position":"center center","background-size":"auto","background-attachment":"scroll","background-type":"","background-media":"","overlay-type":"","overlay-color":"","overlay-gradient":""},"mobile":{"background-color":"","background-image":"","background-repeat":"repeat","background-position":"center center","background-size":"auto","background-attachment":"scroll","background-type":"","background-media":"","overlay-type":"","overlay-color":"","overlay-gradient":""}},"ast-content-background-meta":{"desktop":{"background-color":"var(--ast-global-color-5)","background-image":"","background-repeat":"repeat","background-position":"center center","background-size":"auto","background-attachment":"scroll","background-type":"","background-media":"","overlay-type":"","overlay-color":"","overlay-gradient":""},"tablet":{"background-color":"var(--ast-global-color-5)","background-image":"","background-repeat":"repeat","background-position":"center center","background-size":"auto","background-attachment":"scroll","background-type":"","background-media":"","overlay-type":"","overlay-color":"","overlay-gradient":""},"mobile":{"background-color":"var(--ast-global-color-5)","background-image":"","background-repeat":"repeat","background-position":"center center","background-size":"auto","background-attachment":"scroll","background-type":"","background-media":"","overlay-type":"","overlay-color":"","overlay-gradient":""}},"footnotes":""},"class_list":["post-2419","page","type-page","status-publish","hentry"],"yoast_head":"<!-- This site is optimized with the Yoast SEO plugin v22.6 - https:\/\/yoast.com\/wordpress\/plugins\/seo\/ -->\n<title>Verkaufscondos - Dream Condos Pattaya<\/title>\n<meta name=\"description\" content=\"We can arrange apartments in Pattaya for you. However, we can also assist you with the purchase and search &quot;only&quot; as a consultant.\" \/>\n<meta name=\"robots\" content=\"index, follow, max-snippet:-1, max-image-preview:large, max-video-preview:-1\" \/>\n<link rel=\"canonical\" href=\"https:\/\/dreamcondospattaya.com\/en\/condos-for-sale\/\" \/>\n<meta property=\"og:locale\" content=\"en_US\" \/>\n<meta property=\"og:type\" content=\"article\" \/>\n<meta property=\"og:title\" content=\"Verkaufscondos - Dream Condos Pattaya\" \/>\n<meta property=\"og:description\" content=\"We can arrange apartments in Pattaya for you. However, we can also assist you with the purchase and search &quot;only&quot; as a consultant.\" \/>\n<meta property=\"og:url\" content=\"https:\/\/dreamcondospattaya.com\/en\/condos-for-sale\/\" \/>\n<meta property=\"og:site_name\" content=\"Dream Condos Pattaya\" \/>\n<meta property=\"article:modified_time\" content=\"2024-01-28T18:11:45+00:00\" \/>\n<meta property=\"og:image\" content=\"http:\/\/dreamcondospattaya.com\/wp-content\/uploads\/condos\/view-talay-6\/16th-floor-140sqm-vt6-walking-street-site\/7R8A7088.jpg\" \/>\n<meta name=\"twitter:card\" content=\"summary_large_image\" \/>\n<meta name=\"twitter:label1\" content=\"Est. reading time\" \/>\n\t<meta name=\"twitter:data1\" content=\"1 minute\" \/>\n<script type=\"application\/ld+json\" class=\"yoast-schema-graph\">{\"@context\":\"https:\/\/schema.org\",\"@graph\":[{\"@type\":\"WebPage\",\"@id\":\"https:\/\/dreamcondospattaya.com\/condos-for-sale\/\",\"url\":\"https:\/\/dreamcondospattaya.com\/condos-for-sale\/\",\"name\":\"Verkaufscondos - Dream Condos Pattaya\",\"isPartOf\":{\"@id\":\"https:\/\/dreamcondospattaya.com\/#website\"},\"primaryImageOfPage\":{\"@id\":\"https:\/\/dreamcondospattaya.com\/condos-for-sale\/#primaryimage\"},\"image\":{\"@id\":\"https:\/\/dreamcondospattaya.com\/condos-for-sale\/#primaryimage\"},\"thumbnailUrl\":\"http:\/\/dreamcondospattaya.com\/wp-content\/uploads\/condos\/view-talay-6\/16th-floor-140sqm-vt6-walking-street-site\/7R8A7088.jpg\",\"datePublished\":\"2024-01-25T13:46:03+00:00\",\"dateModified\":\"2024-01-28T18:11:45+00:00\",\"description\":\"We can arrange apartments in Pattaya for you. However, we can also assist you with the purchase and search \\\"only\\\" as a consultant.\",\"breadcrumb\":{\"@id\":\"https:\/\/dreamcondospattaya.com\/condos-for-sale\/#breadcrumb\"},\"inLanguage\":\"en-US\",\"potentialAction\":[{\"@type\":\"ReadAction\",\"target\":[\"https:\/\/dreamcondospattaya.com\/condos-for-sale\/\"]}]},{\"@type\":\"ImageObject\",\"inLanguage\":\"en-US\",\"@id\":\"https:\/\/dreamcondospattaya.com\/condos-for-sale\/#primaryimage\",\"url\":\"http:\/\/dreamcondospattaya.com\/wp-content\/uploads\/condos\/view-talay-6\/16th-floor-140sqm-vt6-walking-street-site\/7R8A7088.jpg\",\"contentUrl\":\"http:\/\/dreamcondospattaya.com\/wp-content\/uploads\/condos\/view-talay-6\/16th-floor-140sqm-vt6-walking-street-site\/7R8A7088.jpg\"},{\"@type\":\"BreadcrumbList\",\"@id\":\"https:\/\/dreamcondospattaya.com\/condos-for-sale\/#breadcrumb\",\"itemListElement\":[{\"@type\":\"ListItem\",\"position\":1,\"name\":\"Startseite\",\"item\":\"https:\/\/dreamcondospattaya.com\/\"},{\"@type\":\"ListItem\",\"position\":2,\"name\":\"Verkaufscondos\"}]},{\"@type\":\"WebSite\",\"@id\":\"https:\/\/dreamcondospattaya.com\/#website\",\"url\":\"https:\/\/dreamcondospattaya.com\/\",\"name\":\"Dream Condos Pattaya\",\"description\":\"Die besten Condos in Pattaya Thailand\",\"publisher\":{\"@id\":\"https:\/\/dreamcondospattaya.com\/#organization\"},\"potentialAction\":[{\"@type\":\"SearchAction\",\"target\":{\"@type\":\"EntryPoint\",\"urlTemplate\":\"https:\/\/dreamcondospattaya.com\/?s={search_term_string}\"},\"query-input\":\"required name=search_term_string\"}],\"inLanguage\":\"en-US\"},{\"@type\":\"Organization\",\"@id\":\"https:\/\/dreamcondospattaya.com\/#organization\",\"name\":\"Dream Condos Pattaya\",\"url\":\"https:\/\/dreamcondospattaya.com\/\",\"logo\":{\"@type\":\"ImageObject\",\"inLanguage\":\"en-US\",\"@id\":\"https:\/\/dreamcondospattaya.com\/#\/schema\/logo\/image\/\",\"url\":\"https:\/\/dreamcondospattaya.com\/wp-content\/uploads\/2023\/11\/cropped-logo.png\",\"contentUrl\":\"https:\/\/dreamcondospattaya.com\/wp-content\/uploads\/2023\/11\/cropped-logo.png\",\"width\":392,\"height\":370,\"caption\":\"Dream Condos Pattaya\"},\"image\":{\"@id\":\"https:\/\/dreamcondospattaya.com\/#\/schema\/logo\/image\/\"}}]}<\/script>\n<!-- \/ Yoast SEO plugin. -->","yoast_head_json":{"title":"Verkaufscondos - Dream Condos Pattaya","description":"We can arrange apartments in Pattaya for you. However, we can also assist you with the purchase and search \"only\" as a consultant.","robots":{"index":"index","follow":"follow","max-snippet":"max-snippet:-1","max-image-preview":"max-image-preview:large","max-video-preview":"max-video-preview:-1"},"canonical":"https:\/\/dreamcondospattaya.com\/en\/condos-for-sale\/","og_locale":"en_US","og_type":"article","og_title":"Verkaufscondos - Dream Condos Pattaya","og_description":"We can arrange apartments in Pattaya for you. However, we can also assist you with the purchase and search \"only\" as a consultant.","og_url":"https:\/\/dreamcondospattaya.com\/en\/condos-for-sale\/","og_site_name":"Dream Condos Pattaya","article_modified_time":"2024-01-28T18:11:45+00:00","og_image":[{"url":"http:\/\/dreamcondospattaya.com\/wp-content\/uploads\/condos\/view-talay-6\/16th-floor-140sqm-vt6-walking-street-site\/7R8A7088.jpg"}],"twitter_card":"summary_large_image","twitter_misc":{"Est. reading time":"1 minute"},"schema":{"@context":"https:\/\/schema.org","@graph":[{"@type":"WebPage","@id":"https:\/\/dreamcondospattaya.com\/condos-for-sale\/","url":"https:\/\/dreamcondospattaya.com\/condos-for-sale\/","name":"Verkaufscondos - Dream Condos Pattaya","isPartOf":{"@id":"https:\/\/dreamcondospattaya.com\/#website"},"primaryImageOfPage":{"@id":"https:\/\/dreamcondospattaya.com\/condos-for-sale\/#primaryimage"},"image":{"@id":"https:\/\/dreamcondospattaya.com\/condos-for-sale\/#primaryimage"},"thumbnailUrl":"http:\/\/dreamcondospattaya.com\/wp-content\/uploads\/condos\/view-talay-6\/16th-floor-140sqm-vt6-walking-street-site\/7R8A7088.jpg","datePublished":"2024-01-25T13:46:03+00:00","dateModified":"2024-01-28T18:11:45+00:00","description":"We can arrange apartments in Pattaya for you. However, we can also assist you with the purchase and search \"only\" as a consultant.","breadcrumb":{"@id":"https:\/\/dreamcondospattaya.com\/condos-for-sale\/#breadcrumb"},"inLanguage":"en-US","potentialAction":[{"@type":"ReadAction","target":["https:\/\/dreamcondospattaya.com\/condos-for-sale\/"]}]},{"@type":"ImageObject","inLanguage":"en-US","@id":"https:\/\/dreamcondospattaya.com\/condos-for-sale\/#primaryimage","url":"http:\/\/dreamcondospattaya.com\/wp-content\/uploads\/condos\/view-talay-6\/16th-floor-140sqm-vt6-walking-street-site\/7R8A7088.jpg","contentUrl":"http:\/\/dreamcondospattaya.com\/wp-content\/uploads\/condos\/view-talay-6\/16th-floor-140sqm-vt6-walking-street-site\/7R8A7088.jpg"},{"@type":"BreadcrumbList","@id":"https:\/\/dreamcondospattaya.com\/condos-for-sale\/#breadcrumb","itemListElement":[{"@type":"ListItem","position":1,"name":"Startseite","item":"https:\/\/dreamcondospattaya.com\/"},{"@type":"ListItem","position":2,"name":"Verkaufscondos"}]},{"@type":"WebSite","@id":"https:\/\/dreamcondospattaya.com\/#website","url":"https:\/\/dreamcondospattaya.com\/","name":"Dream Condos Pattaya","description":"Die besten Condos in Pattaya Thailand","publisher":{"@id":"https:\/\/dreamcondospattaya.com\/#organization"},"potentialAction":[{"@type":"SearchAction","target":{"@type":"EntryPoint","urlTemplate":"https:\/\/dreamcondospattaya.com\/?s={search_term_string}"},"query-input":"required name=search_term_string"}],"inLanguage":"en-US"},{"@type":"Organization","@id":"https:\/\/dreamcondospattaya.com\/#organization","name":"Dream Condos Pattaya","url":"https:\/\/dreamcondospattaya.com\/","logo":{"@type":"ImageObject","inLanguage":"en-US","@id":"https:\/\/dreamcondospattaya.com\/#\/schema\/logo\/image\/","url":"https:\/\/dreamcondospattaya.com\/wp-content\/uploads\/2023\/11\/cropped-logo.png","contentUrl":"https:\/\/dreamcondospattaya.com\/wp-content\/uploads\/2023\/11\/cropped-logo.png","width":392,"height":370,"caption":"Dream Condos Pattaya"},"image":{"@id":"https:\/\/dreamcondospattaya.com\/#\/schema\/logo\/image\/"}}]}},"_links":{"self":[{"href":"https:\/\/dreamcondospattaya.com\/en\/wp-json\/wp\/v2\/pages\/2419","targetHints":{"allow":["GET"]}}],"collection":[{"href":"https:\/\/dreamcondospattaya.com\/en\/wp-json\/wp\/v2\/pages"}],"about":[{"href":"https:\/\/dreamcondospattaya.com\/en\/wp-json\/wp\/v2\/types\/page"}],"author":[{"embeddable":true,"href":"https:\/\/dreamcondospattaya.com\/en\/wp-json\/wp\/v2\/users\/1"}],"replies":[{"embeddable":true,"href":"https:\/\/dreamcondospattaya.com\/en\/wp-json\/wp\/v2\/comments?post=2419"}],"version-history":[{"count":0,"href":"https:\/\/dreamcondospattaya.com\/en\/wp-json\/wp\/v2\/pages\/2419\/revisions"}],"wp:attachment":[{"href":"https:\/\/dreamcondospattaya.com\/en\/wp-json\/wp\/v2\/media?parent=2419"}],"curies":[{"name":"wp","href":"https:\/\/api.w.org\/{rel}","templated":true}]}}